{"id":1667,"date":"2021-04-09T12:31:38","date_gmt":"2021-04-09T12:31:38","guid":{"rendered":"http:\/\/bp-soroca.md\/?page_id=1667"},"modified":"2022-09-23T07:27:53","modified_gmt":"2022-09-23T07:27:53","slug":"intreaba-bibliotecarul","status":"publish","type":"page","link":"https:\/\/bp-soroca.md\/index.php\/intreaba-bibliotecarul\/","title":{"rendered":"\u00centreab\u0103 bibliotecarul"},"content":{"rendered":"<p>Views: 580<\/p>\n<p class=\"has-text-align-center\">Biblioteca Municipal\u0103 \u201eMihail Sadoveanu\u201d pune la dispozi\u021bia dumneavoastr\u0103 serviciul&nbsp;<strong>\u201e\u00centreab\u0103 bibliotecarul\u201d&nbsp;<\/strong>de asisten\u021b\u0103 informa\u021bional\u0103 la distan\u021b\u0103, gratuit, care ofer\u0103 r\u0103spunsuri la \u00eentreb\u0103rile dumneavoastr\u0103, indic\u00e2ndu-v\u0103\/direc\u021bion\u00e2ndu-v\u0103 c\u0103tre resursele informa\u021bionale din colec\u021bia bibliotecii \u015fi internet.<\/p>\n\n\n\n\n\n<p><\/p>\n","protected":false},"excerpt":{"rendered":"<p>Views: 580 Biblioteca Municipal\u0103 \u201eMihail Sadoveanu\u201d pune la dispozi\u021bia dumneavoastr\u0103 serviciul&nbsp;\u201e\u00centreab\u0103 bibliotecarul\u201d&nbsp;de asisten\u021b\u0103 informa\u021bional\u0103 la distan\u021b\u0103, gratuit, care ofer\u0103 r\u0103spunsuri la \u00eentreb\u0103rile dumneavoastr\u0103, indic\u00e2ndu-v\u0103\/direc\u021bion\u00e2ndu-v\u0103 c\u0103tre resursele informa\u021bionale din colec\u021bia bibliotecii \u015fi internet.<\/p>\n","protected":false},"author":1,"featured_media":0,"parent":0,"menu_order":0,"comment_status":"open","ping_status":"closed","template":"","meta":{"footnotes":""},"class_list":["post-1667","page","type-page","status-publish","hentry"],"jetpack-related-posts":[],"jetpack_shortlink":"https:\/\/wp.me\/PeU1WV-qT","jetpack_sharing_enabled":true,"_links":{"self":[{"href":"https:\/\/bp-soroca.md\/index.php\/wp-json\/wp\/v2\/pages\/1667","targetHints":{"allow":["GET"]}}],"collection":[{"href":"https:\/\/bp-soroca.md\/index.php\/wp-json\/wp\/v2\/pages"}],"about":[{"href":"https:\/\/bp-soroca.md\/index.php\/wp-json\/wp\/v2\/types\/page"}],"author":[{"embeddable":true,"href":"https:\/\/bp-soroca.md\/index.php\/wp-json\/wp\/v2\/users\/1"}],"replies":[{"embeddable":true,"href":"https:\/\/bp-soroca.md\/index.php\/wp-json\/wp\/v2\/comments?post=1667"}],"version-history":[{"count":6,"href":"https:\/\/bp-soroca.md\/index.php\/wp-json\/wp\/v2\/pages\/1667\/revisions"}],"predecessor-version":[{"id":2704,"href":"https:\/\/bp-soroca.md\/index.php\/wp-json\/wp\/v2\/pages\/1667\/revisions\/2704"}],"wp:attachment":[{"href":"https:\/\/bp-soroca.md\/index.php\/wp-json\/wp\/v2\/media?parent=1667"}],"curies":[{"name":"wp","href":"https:\/\/api.w.org\/{rel}","templated":true}]}}