{"id":5091,"date":"2025-07-18T05:54:53","date_gmt":"2025-07-18T05:54:53","guid":{"rendered":"https:\/\/bp-soroca.md\/?page_id=5091"},"modified":"2026-02-17T12:28:09","modified_gmt":"2026-02-17T12:28:09","slug":"povestea-bibliotecii-noastre","status":"publish","type":"page","link":"https:\/\/bp-soroca.md\/index.php\/povestea-bibliotecii-noastre\/","title":{"rendered":"Povestea Bibliotecii noastre"},"content":{"rendered":"<p>Views: 21<\/p>\n<p class=\"has-text-align-justify\"><strong>Istoria Bibliotecii Municipale \u201eMihail Sadoveanu\u201d din Soroca este mai mult dec\u00e2t o succesiune de date \u0219i evenimente \u2013 este o poveste vie despre oameni, c\u0103r\u021bi \u0219i comunitate. De-a lungul deceniilor, biblioteca a fost martor\u0103 \u0219i participant\u0103 la transform\u0103rile culturale, sociale \u0219i educa\u021bionale ale ora\u0219ului nostru. A crescut odat\u0103 cu Soroca, adapt\u00e2ndu-se vremurilor, dar p\u0103str\u00e2nd mereu esen\u021ba sa: dorin\u021ba de a oferi cunoa\u0219tere, sprijin, inspira\u021bie.<\/strong><\/p>\n\n\n\n<p class=\"has-text-align-justify\">Fiecare raft, fiecare sal\u0103 de lectur\u0103, fiecare ziar \u00eeng\u0103lbenit de timp p\u0103streaz\u0103 amintirea celor care au trecut pragul acestei institu\u021bii \u2013 cititori, bibliotecari, elevi, cercet\u0103tori. V\u0103 invit\u0103m s\u0103 parcurge\u021bi al\u0103turi de noi firul acestei pove\u0219ti: de la \u00eenceputurile modeste p\u00e2n\u0103 la prezentul digital, biblioteca a fost \u0219i r\u0103m\u00e2ne o inim\u0103 cultural\u0103 a Sorocii.<\/p>\n\n\n\n<div class=\"_df_thumb \" id=\"df_2470\"  _slug=\"istoria-bibliotecii-sorocene\" data-title=\"istoria-bibliotecii-sorocene\" wpoptions=\"true\" thumb=\"https:\/\/bp-soroca.md\/wp-content\/uploads\/2026\/01\/Captura-de-ecran-2026-01-21-111414.png\" thumbtype=\"\" >Istoria bibliotecii sorocene<\/div><script class=\"df-shortcode-script\" nowprocket type=\"application\/javascript\">window.option_df_2470 = {\"outline\":[],\"autoEnableOutline\":\"false\",\"autoEnableThumbnail\":\"false\",\"overwritePDFOutline\":\"false\",\"direction\":\"1\",\"pageSize\":\"0\",\"source\":\"https:\\\/\\\/bp-soroca.md\\\/wp-content\\\/uploads\\\/2026\\\/01\\\/istoria-bibliotecii-din-Soroca.pdf\",\"wpOptions\":\"true\"}; if(window.DFLIP && window.DFLIP.parseBooks){window.DFLIP.parseBooks();}<\/script>\n\n\n\n<p class=\"has-text-align-center\"><strong>Biblioteca Municipal\u0103 \u201eMihail Sadoveanu\u201d Soroca este gr\u0103dina unde continu\u0103 s\u0103 altoiasc\u0103 utilizatorilor fructul dragostei \u0219i al frumosului.<\/strong><\/p>\n\n\n\n<p>Unde ne afl\u0103m?<br>Strada Alexandru cel Bun 25.<br>A\u0219a dar, v\u0103 \u00eendemn\u0103m s\u0103 p\u0103\u0219i\u021bi sfio\u0219i pragul BM \u201eM. Sadoveanu\u201d Soroca, care asigur\u0103 accesul publicului larg la colec\u021biile sale \u00een scop de cercetare, studiu \u0219i informare.<br>Fiecare zi petrecut\u0103 \u00een bibliotec\u0103 este o oportunitate de a aduce contribu\u021bii semnificative \u00een dezvoltarea intelectual\u0103 \u0219i cultural\u0103 a comunit\u0103\u021bii noastre sorocene, iar impactul pe care-l gener\u0103m nu poate fi m\u0103surat doar \u00een cifre \u0219i statistici, ci \u00een emo\u021biile \u0219i schimb\u0103rile pe care le aducem \u00een vie\u021bile celor pe care \u00eei servim cu pasiune \u0219i devotament.<br>A\u0219a dar, v\u0103 \u00eendemn\u0103m s\u0103 p\u0103\u0219i\u021bi sfio\u0219i pragul Bibliotecii Municipale \u201eM. Sadoveanu\u201d Soroca, care asigur\u0103 accesul publicului larg la colec\u021biile sale \u00een scop de cercetare, studiu \u0219i informare.<\/p>\n\n\n\n<figure class=\"wp-block-embed is-type-video is-provider-youtube wp-block-embed-youtube wp-embed-aspect-16-9 wp-has-aspect-ratio\"><div class=\"wp-block-embed__wrapper\">\n<iframe loading=\"lazy\" title=\"Biblioteca Municipal\u0103 \u201eMihail Sadoveanu\u201d Soroca\" width=\"840\" height=\"473\" src=\"https:\/\/www.youtube.com\/embed\/0TL5rdrCEjU?feature=oembed\" frameborder=\"0\" allow=\"accelerometer; autoplay; clipboard-write; encrypted-media; gyroscope; picture-in-picture; web-share\" referrerpolicy=\"strict-origin-when-cross-origin\" allowfullscreen><\/iframe>\n<\/div><\/figure>\n","protected":false},"excerpt":{"rendered":"<p>Views: 21 Istoria Bibliotecii Municipale \u201eMihail Sadoveanu\u201d din Soroca este mai mult dec\u00e2t o succesiune de date \u0219i evenimente \u2013 este o poveste vie despre oameni, c\u0103r\u021bi \u0219i comunitate. De-a lungul deceniilor, biblioteca a fost martor\u0103 \u0219i participant\u0103 la transform\u0103rile culturale, sociale \u0219i educa\u021bionale ale ora\u0219ului nostru. A crescut odat\u0103 cu Soroca, adapt\u00e2ndu-se vremurilor, dar &hellip; <a href=\"https:\/\/bp-soroca.md\/index.php\/povestea-bibliotecii-noastre\/\" class=\"more-link\">Continu\u0103 lectura<span class=\"screen-reader-text\"> \u201ePovestea Bibliotecii noastre\u201d<\/span><\/a><\/p>\n","protected":false},"author":1,"featured_media":0,"parent":0,"menu_order":0,"comment_status":"closed","ping_status":"closed","template":"","meta":{"footnotes":""},"class_list":["post-5091","page","type-page","status-publish","hentry"],"jetpack-related-posts":[],"jetpack_shortlink":"https:\/\/wp.me\/PeU1WV-1k7","jetpack_sharing_enabled":true,"_links":{"self":[{"href":"https:\/\/bp-soroca.md\/index.php\/wp-json\/wp\/v2\/pages\/5091","targetHints":{"allow":["GET"]}}],"collection":[{"href":"https:\/\/bp-soroca.md\/index.php\/wp-json\/wp\/v2\/pages"}],"about":[{"href":"https:\/\/bp-soroca.md\/index.php\/wp-json\/wp\/v2\/types\/page"}],"author":[{"embeddable":true,"href":"https:\/\/bp-soroca.md\/index.php\/wp-json\/wp\/v2\/users\/1"}],"replies":[{"embeddable":true,"href":"https:\/\/bp-soroca.md\/index.php\/wp-json\/wp\/v2\/comments?post=5091"}],"version-history":[{"count":3,"href":"https:\/\/bp-soroca.md\/index.php\/wp-json\/wp\/v2\/pages\/5091\/revisions"}],"predecessor-version":[{"id":5702,"href":"https:\/\/bp-soroca.md\/index.php\/wp-json\/wp\/v2\/pages\/5091\/revisions\/5702"}],"wp:attachment":[{"href":"https:\/\/bp-soroca.md\/index.php\/wp-json\/wp\/v2\/media?parent=5091"}],"curies":[{"name":"wp","href":"https:\/\/api.w.org\/{rel}","templated":true}]}}