{"id":5689,"date":"2026-02-17T09:27:53","date_gmt":"2026-02-17T09:27:53","guid":{"rendered":"https:\/\/bp-soroca.md\/?page_id=5689"},"modified":"2026-03-02T14:22:06","modified_gmt":"2026-03-02T14:22:06","slug":"drumul-spre-autonomie-al-fetelor-si-femeilor-drepturi-sprijin-emotional-si-dezvoltare-personala","status":"publish","type":"page","link":"https:\/\/bp-soroca.md\/index.php\/drumul-spre-autonomie-al-fetelor-si-femeilor-drepturi-sprijin-emotional-si-dezvoltare-personala\/","title":{"rendered":"Drumul spre autonomie al fetelor \u0219i femeilor: drepturi, sprijin emo\u021bional \u0219i dezvoltare personal\u0103"},"content":{"rendered":"<p>Views: 10<\/p>\n<figure class=\"wp-block-embed is-type-wp-embed is-provider-biblioteca-municipal-mihail-sadoveanu-soroca wp-block-embed-biblioteca-municipal-mihail-sadoveanu-soroca\"><div class=\"wp-block-embed__wrapper\">\n<blockquote class=\"wp-embedded-content\" data-secret=\"3cjl3I7qaa\"><a href=\"https:\/\/bibsadoveanusoroca.wordpress.com\/2026\/03\/02\/dezvoltare-personala-si-consolidarea-increderii-in-sine-la-biblioteca-municipala-m-sadoveanu-soroca\/\">Dezvoltare personal\u0103 \u0219i consolidarea \u00eencrederii \u00een sine la Biblioteca Municipal\u0103 \u201eM. Sadoveanu\u201d&nbsp;Soroca<\/a><\/blockquote><iframe loading=\"lazy\" class=\"wp-embedded-content\" sandbox=\"allow-scripts\" security=\"restricted\" style=\"position: absolute; visibility: hidden;\" title=\"&#8222;Dezvoltare personal\u0103 \u0219i consolidarea \u00eencrederii \u00een sine la Biblioteca Municipal\u0103 \u201eM. Sadoveanu\u201d&nbsp;Soroca&#8221; &#8211; Biblioteca Municipal\u0103   \u201eMihail Sadoveanu\u201d, Soroca\" src=\"https:\/\/bibsadoveanusoroca.wordpress.com\/2026\/03\/02\/dezvoltare-personala-si-consolidarea-increderii-in-sine-la-biblioteca-municipala-m-sadoveanu-soroca\/embed\/#?secret=ZBYgmVTtbl#?secret=3cjl3I7qaa\" data-secret=\"3cjl3I7qaa\" width=\"600\" height=\"338\" frameborder=\"0\" marginwidth=\"0\" marginheight=\"0\" scrolling=\"no\"><\/iframe>\n<\/div><\/figure>\n\n\n\n<figure class=\"wp-block-embed is-type-wp-embed is-provider-biblioteca-municipal-mihail-sadoveanu-soroca wp-block-embed-biblioteca-municipal-mihail-sadoveanu-soroca\"><div class=\"wp-block-embed__wrapper\">\n<blockquote class=\"wp-embedded-content\" data-secret=\"k0ETiWclA4\"><a href=\"https:\/\/bibsadoveanusoroca.wordpress.com\/2026\/02\/24\/sprijin-emotional-si-ascultare-activa-o-noua-activitate-in-cadrul-proiectului-dedicat-autonomiei-fetelor-si-femeilor\/\">Sprijin emo\u021bional \u0219i ascultare activ\u0103 \u2013 o nou\u0103 activitate \u00een cadrul proiectului dedicat autonomiei fetelor \u0219i&nbsp;femeilor<\/a><\/blockquote><iframe loading=\"lazy\" class=\"wp-embedded-content\" sandbox=\"allow-scripts\" security=\"restricted\" style=\"position: absolute; visibility: hidden;\" title=\"&#8222;Sprijin emo\u021bional \u0219i ascultare activ\u0103 \u2013 o nou\u0103 activitate \u00een cadrul proiectului dedicat autonomiei fetelor \u0219i&nbsp;femeilor&#8221; &#8211; Biblioteca Municipal\u0103   \u201eMihail Sadoveanu\u201d, Soroca\" src=\"https:\/\/bibsadoveanusoroca.wordpress.com\/2026\/02\/24\/sprijin-emotional-si-ascultare-activa-o-noua-activitate-in-cadrul-proiectului-dedicat-autonomiei-fetelor-si-femeilor\/embed\/#?secret=8HQgAxzhXQ#?secret=k0ETiWclA4\" data-secret=\"k0ETiWclA4\" width=\"600\" height=\"338\" frameborder=\"0\" marginwidth=\"0\" marginheight=\"0\" scrolling=\"no\"><\/iframe>\n<\/div><\/figure>\n\n\n\n<figure class=\"wp-block-embed is-type-wp-embed is-provider-biblioteca-municipal-mihail-sadoveanu-soroca wp-block-embed-biblioteca-municipal-mihail-sadoveanu-soroca\"><div class=\"wp-block-embed__wrapper\">\n<blockquote class=\"wp-embedded-content\" data-secret=\"WiwAmK6kud\"><a href=\"https:\/\/bibsadoveanusoroca.wordpress.com\/2026\/02\/21\/continuitate-in-cadrul-proiectului-drumul-spre-autonomie-al-fetelor-si-femeilor-activism-civic-la-biblioteca-municipala-m-sadoveanu-soroca\/\">Continuitate \u00een cadrul proiectului \u201eDrumul spre autonomie al fetelor \u0219i femeilor\u201d \u2013 Activism civic la Biblioteca Municipal\u0103 \u201eM. Sadoveanu\u201d&nbsp;Soroca<\/a><\/blockquote><iframe loading=\"lazy\" class=\"wp-embedded-content\" sandbox=\"allow-scripts\" security=\"restricted\" style=\"position: absolute; visibility: hidden;\" title=\"&#8222;Continuitate \u00een cadrul proiectului \u201eDrumul spre autonomie al fetelor \u0219i femeilor\u201d \u2013 Activism civic la Biblioteca Municipal\u0103 \u201eM. Sadoveanu\u201d&nbsp;Soroca&#8221; &#8211; Biblioteca Municipal\u0103   \u201eMihail Sadoveanu\u201d, Soroca\" src=\"https:\/\/bibsadoveanusoroca.wordpress.com\/2026\/02\/21\/continuitate-in-cadrul-proiectului-drumul-spre-autonomie-al-fetelor-si-femeilor-activism-civic-la-biblioteca-municipala-m-sadoveanu-soroca\/embed\/#?secret=TtUz4J2lPx#?secret=WiwAmK6kud\" data-secret=\"WiwAmK6kud\" width=\"600\" height=\"338\" frameborder=\"0\" marginwidth=\"0\" marginheight=\"0\" scrolling=\"no\"><\/iframe>\n<\/div><\/figure>\n\n\n\n<figure class=\"wp-block-embed is-type-wp-embed is-provider-biblioteca-municipal-mihail-sadoveanu-soroca wp-block-embed-biblioteca-municipal-mihail-sadoveanu-soroca\"><div class=\"wp-block-embed__wrapper\">\n<blockquote class=\"wp-embedded-content\" data-secret=\"wX70E3KZXz\"><a href=\"https:\/\/bibsadoveanusoroca.wordpress.com\/2026\/02\/17\/biblioteca-municipala-m-sadoveanu-soroca-lanseaza-un-nou-proiect-dedicat-drepturilor-si-dezvoltarii-personale-a-fetelor-si-femeilor\/\">Biblioteca Municipal\u0103 \u201eM. Sadoveanu\u201d Soroca lanseaz\u0103 un nou proiect dedicat drepturilor \u0219i dezvolt\u0103rii personale a fetelor \u0219i&nbsp;femeilor<\/a><\/blockquote><iframe loading=\"lazy\" class=\"wp-embedded-content\" sandbox=\"allow-scripts\" security=\"restricted\" style=\"position: absolute; visibility: hidden;\" title=\"&#8222;Biblioteca Municipal\u0103 \u201eM. Sadoveanu\u201d Soroca lanseaz\u0103 un nou proiect dedicat drepturilor \u0219i dezvolt\u0103rii personale a fetelor \u0219i&nbsp;femeilor&#8221; &#8211; Biblioteca Municipal\u0103   \u201eMihail Sadoveanu\u201d, Soroca\" src=\"https:\/\/bibsadoveanusoroca.wordpress.com\/2026\/02\/17\/biblioteca-municipala-m-sadoveanu-soroca-lanseaza-un-nou-proiect-dedicat-drepturilor-si-dezvoltarii-personale-a-fetelor-si-femeilor\/embed\/#?secret=f4NdXc23Uw#?secret=wX70E3KZXz\" data-secret=\"wX70E3KZXz\" width=\"600\" height=\"338\" frameborder=\"0\" marginwidth=\"0\" marginheight=\"0\" scrolling=\"no\"><\/iframe>\n<\/div><\/figure>\n\n\n<p class=\"has-text-align-justify\" style=\"text-align: justify;\">Scopul grupului \u201e<strong>Drumul spre autonomie al fetelor \u0219i femeilor<\/strong>\u201d este de a sprijini fetele \u0219i femeile \u00een procesul de consolidare a autonomiei personale \u0219i sociale, prin informare juridic\u0103, sprijin emo\u021bional \u0219i dezvoltare personal\u0103. Grupul urm\u0103re\u0219te cre\u0219terea nivelului de cunoa\u0219tere a drepturilor fundamentale, facilitarea accesului la justi\u021bie \u0219i \u00eent\u0103rirea \u00eencrederii \u00een sine, a rezilien\u021bei \u0219i a capacit\u0103\u021bii de luare a deciziilor informate.<\/p>\n<p class=\"has-text-align-justify\" style=\"text-align: justify;\">Domeniile de activitate relevante includ: educa\u021bie juridic\u0103 de baz\u0103 (drepturi, mecanisme de protec\u021bie, acces la servicii), activit\u0103\u021bi de sprijin emo\u021bional \u0219i consiliere de grup, ateliere de dezvoltare personal\u0103, comunicare, leadership \u0219i gestionarea situa\u021biilor dificile, precum violen\u021ba digital\u0103. Activit\u0103\u021bile vor fi desf\u0103\u0219urate \u00eentr-un cadru educa\u021bional sigur, participativ \u0219i incluziv.<\/p>\n<p class=\"has-text-align-justify\" style=\"text-align: justify;\">Resursele pentru implementarea proiectului sunt asigurate de Biblioteca \u201eMihail Sadoveanu\u201d, care dispune de spa\u021biu adecvat \u0219i complet dotat: sal\u0103 pentru instruiri \u0219i conferin\u021be, tabl\u0103 interactiv\u0103, televizor, seturi de mese \u0219i scaune pentru activit\u0103\u021bi de grup, precum \u0219i un fond de carte dedicat dezvolt\u0103rii personale a femeilor. Proiectul va fi sus\u021binut de personal calificat \u0219i voluntari, care se vor implica din punct de vedere logistic \u00een func\u021bie de activit\u0103\u021bile planificate.<\/p>","protected":false},"excerpt":{"rendered":"<p>Views: 10 Scopul grupului \u201eDrumul spre autonomie al fetelor \u0219i femeilor\u201d este de a sprijini fetele \u0219i femeile \u00een procesul de consolidare a autonomiei personale \u0219i sociale, prin informare juridic\u0103, sprijin emo\u021bional \u0219i dezvoltare personal\u0103. Grupul urm\u0103re\u0219te cre\u0219terea nivelului de cunoa\u0219tere a drepturilor fundamentale, facilitarea accesului la justi\u021bie \u0219i \u00eent\u0103rirea \u00eencrederii \u00een sine, a rezilien\u021bei &hellip; <a href=\"https:\/\/bp-soroca.md\/index.php\/drumul-spre-autonomie-al-fetelor-si-femeilor-drepturi-sprijin-emotional-si-dezvoltare-personala\/\" class=\"more-link\">Continu\u0103 lectura<span class=\"screen-reader-text\"> \u201eDrumul spre autonomie al fetelor \u0219i femeilor: drepturi, sprijin emo\u021bional \u0219i dezvoltare personal\u0103\u201d<\/span><\/a><\/p>\n","protected":false},"author":1,"featured_media":0,"parent":0,"menu_order":0,"comment_status":"closed","ping_status":"closed","template":"","meta":{"footnotes":""},"class_list":["post-5689","page","type-page","status-publish","hentry"],"jetpack-related-posts":[],"jetpack_shortlink":"https:\/\/wp.me\/PeU1WV-1tL","jetpack_sharing_enabled":true,"_links":{"self":[{"href":"https:\/\/bp-soroca.md\/index.php\/wp-json\/wp\/v2\/pages\/5689","targetHints":{"allow":["GET"]}}],"collection":[{"href":"https:\/\/bp-soroca.md\/index.php\/wp-json\/wp\/v2\/pages"}],"about":[{"href":"https:\/\/bp-soroca.md\/index.php\/wp-json\/wp\/v2\/types\/page"}],"author":[{"embeddable":true,"href":"https:\/\/bp-soroca.md\/index.php\/wp-json\/wp\/v2\/users\/1"}],"replies":[{"embeddable":true,"href":"https:\/\/bp-soroca.md\/index.php\/wp-json\/wp\/v2\/comments?post=5689"}],"version-history":[{"count":2,"href":"https:\/\/bp-soroca.md\/index.php\/wp-json\/wp\/v2\/pages\/5689\/revisions"}],"predecessor-version":[{"id":5802,"href":"https:\/\/bp-soroca.md\/index.php\/wp-json\/wp\/v2\/pages\/5689\/revisions\/5802"}],"wp:attachment":[{"href":"https:\/\/bp-soroca.md\/index.php\/wp-json\/wp\/v2\/media?parent=5689"}],"curies":[{"name":"wp","href":"https:\/\/api.w.org\/{rel}","templated":true}]}}